{"id":75,"date":"2024-03-06T15:59:44","date_gmt":"2024-03-06T15:59:44","guid":{"rendered":"https:\/\/www.eera-jpnm.com\/schools\/esnms2024\/?page_id=75"},"modified":"2025-11-19T11:51:56","modified_gmt":"2025-11-19T11:51:56","slug":"practical-information","status":"publish","type":"page","link":"https:\/\/www.connect-nm.eu\/schools\/JHR_Advanced_School\/practical-information\/","title":{"rendered":"Practical Information"},"content":{"rendered":"\t\t<div data-elementor-type=\"wp-page\" data-elementor-id=\"75\" class=\"elementor elementor-75\">\n\t\t\t\t<div class=\"elementor-element elementor-element-74cdc94 e-flex e-con-boxed e-con e-parent\" data-id=\"74cdc94\" data-element_type=\"container\" data-e-type=\"container\">\n\t\t\t\t\t<div class=\"e-con-inner\">\n\t\t\t\t<div class=\"elementor-element elementor-element-5312c92 elementor-widget elementor-widget-image\" data-id=\"5312c92\" data-element_type=\"widget\" data-e-type=\"widget\" data-widget_type=\"image.default\">\n\t\t\t\t<div class=\"elementor-widget-container\">\n\t\t\t\t\t\t\t\t\t\t\t\t\t\t\t<img decoding=\"async\" src=\"https:\/\/www.connect-nm.eu\/schools\/JHR_Advanced_School\/wp-content\/uploads\/elementor\/thumbs\/JHR-SCHOOL-WEBSITE20250222CRC-r26ga9luyxtv7rktsmj0fdejus4lgpraft42t66ge2.jpg\" title=\"JHR-SCHOOL-WEBSITE20250222CRC\" alt=\"JHR-SCHOOL-WEBSITE20250222CRC\" loading=\"lazy\" \/>\t\t\t\t\t\t\t\t\t\t\t\t\t\t\t<\/div>\n\t\t\t\t<\/div>\n\t\t\t\t\t<\/div>\n\t\t\t\t<\/div>\n\t\t<div class=\"elementor-element elementor-element-edcf75c e-flex e-con-boxed e-con e-parent\" data-id=\"edcf75c\" data-element_type=\"container\" data-e-type=\"container\">\n\t\t\t\t\t<div class=\"e-con-inner\">\n\t\t<div class=\"elementor-element elementor-element-285a5b93 e-con-full e-flex e-con e-child\" data-id=\"285a5b93\" data-element_type=\"container\" data-e-type=\"container\" data-settings=\"{&quot;background_background&quot;:&quot;classic&quot;}\">\n\t\t\t\t<div class=\"elementor-element elementor-element-5a5cb01e elementor-widget elementor-widget-ekit-nav-menu\" data-id=\"5a5cb01e\" data-element_type=\"widget\" data-e-type=\"widget\" data-widget_type=\"ekit-nav-menu.default\">\n\t\t\t\t<div class=\"elementor-widget-container\">\n\t\t\t\t\t\t\t<nav class=\"ekit-wid-con ekit_menu_responsive_tablet\"\n\t\t\tdata-hamburger-icon=\"\"\n\t\t\tdata-hamburger-icon-type=\"icon\"\n\t\t\tdata-responsive-breakpoint=\"1024\">\n\t\t\t            <button class=\"elementskit-menu-hamburger elementskit-menu-toggler\"  type=\"button\" aria-label=\"hamburger-icon\">\n                                    <span class=\"elementskit-menu-hamburger-icon\"><\/span><span class=\"elementskit-menu-hamburger-icon\"><\/span><span class=\"elementskit-menu-hamburger-icon\"><\/span>\n                            <\/button>\n            <div id=\"ekit-megamenu-menu-1\" class=\"elementskit-menu-container elementskit-menu-offcanvas-elements elementskit-navbar-nav-default ekit-nav-menu-one-page- ekit-nav-dropdown-hover\"><ul id=\"menu-menu-1\" class=\"elementskit-navbar-nav elementskit-menu-po-left submenu-click-on-icon\"><li id=\"menu-item-775\" class=\"menu-item menu-item-type-post_type menu-item-object-page menu-item-home menu-item-775 nav-item elementskit-mobile-builder-content\" data-vertical-menu=750px><a href=\"https:\/\/www.connect-nm.eu\/schools\/JHR_Advanced_School\/\" class=\"ekit-menu-nav-link\">Home<\/a><\/li>\n<li id=\"menu-item-129\" class=\"menu-item menu-item-type-post_type menu-item-object-page menu-item-129 nav-item elementskit-mobile-builder-content\" data-vertical-menu=750px><a href=\"https:\/\/www.connect-nm.eu\/schools\/JHR_Advanced_School\/programme\/\" class=\"ekit-menu-nav-link\">Programme<\/a><\/li>\n<li id=\"menu-item-126\" class=\"menu-item menu-item-type-post_type menu-item-object-page menu-item-126 nav-item elementskit-mobile-builder-content\" data-vertical-menu=750px><a href=\"https:\/\/www.connect-nm.eu\/schools\/JHR_Advanced_School\/lecturers\/\" class=\"ekit-menu-nav-link\">Lecturers<\/a><\/li>\n<li id=\"menu-item-1401\" class=\"menu-item menu-item-type-custom menu-item-object-custom menu-item-1401 nav-item elementskit-mobile-builder-content\" data-vertical-menu=750px><a href=\"https:\/\/www.connect-nm.eu\/schools\/JHR_Advanced_School\/registration\/\" class=\"ekit-menu-nav-link\">Registration<\/a><\/li>\n<li id=\"menu-item-128\" class=\"menu-item menu-item-type-post_type menu-item-object-page menu-item-128 nav-item elementskit-mobile-builder-content\" data-vertical-menu=750px><a href=\"https:\/\/www.connect-nm.eu\/schools\/JHR_Advanced_School\/practical-information\/\" class=\"ekit-menu-nav-link\">Practical Information<\/a><\/li>\n<li id=\"menu-item-127\" class=\"menu-item menu-item-type-post_type menu-item-object-page menu-item-127 nav-item elementskit-mobile-builder-content\" data-vertical-menu=750px><a href=\"https:\/\/www.connect-nm.eu\/schools\/JHR_Advanced_School\/organising-committee\/\" class=\"ekit-menu-nav-link\">Organizers<\/a><\/li>\n<li id=\"menu-item-125\" class=\"menu-item menu-item-type-post_type menu-item-object-page menu-item-125 nav-item elementskit-mobile-builder-content\" data-vertical-menu=750px><a href=\"https:\/\/www.connect-nm.eu\/schools\/JHR_Advanced_School\/contact\/\" class=\"ekit-menu-nav-link\">Contact<\/a><\/li>\n<\/ul><div class=\"elementskit-nav-identity-panel\"><button class=\"elementskit-menu-close elementskit-menu-toggler\" type=\"button\">X<\/button><\/div><\/div>\n\t\t\t<div class=\"elementskit-menu-overlay elementskit-menu-offcanvas-elements elementskit-menu-toggler ekit-nav-menu--overlay\"><\/div>        <\/nav>\n\t\t\t\t\t\t<\/div>\n\t\t\t\t<\/div>\n\t\t\t\t<\/div>\n\t\t\t\t\t<\/div>\n\t\t\t\t<\/div>\n\t\t<div class=\"elementor-element elementor-element-746449e e-flex e-con-boxed e-con e-parent\" data-id=\"746449e\" data-element_type=\"container\" data-e-type=\"container\">\n\t\t\t\t\t<div class=\"e-con-inner\">\n\t\t<div class=\"elementor-element elementor-element-8ae78e5 e-con-full e-flex e-con e-child\" data-id=\"8ae78e5\" data-element_type=\"container\" data-e-type=\"container\">\n\t\t\t\t<div class=\"elementor-element elementor-element-11ead42 elementor-widget elementor-widget-spacer\" data-id=\"11ead42\" data-element_type=\"widget\" data-e-type=\"widget\" data-widget_type=\"spacer.default\">\n\t\t\t\t<div class=\"elementor-widget-container\">\n\t\t\t\t\t\t\t<div class=\"elementor-spacer\">\n\t\t\t<div class=\"elementor-spacer-inner\"><\/div>\n\t\t<\/div>\n\t\t\t\t\t\t<\/div>\n\t\t\t\t<\/div>\n\t\t\t\t<\/div>\n\t\t<div class=\"elementor-element elementor-element-bb13b4d e-con-full e-flex e-con e-child\" data-id=\"bb13b4d\" data-element_type=\"container\" data-e-type=\"container\">\n\t\t\t\t<\/div>\n\t\t\t\t\t<\/div>\n\t\t\t\t<\/div>\n\t\t<div class=\"elementor-element elementor-element-570e946 e-flex e-con-boxed e-con e-parent\" data-id=\"570e946\" data-element_type=\"container\" data-e-type=\"container\">\n\t\t\t\t\t<div class=\"e-con-inner\">\n\t\t<div class=\"elementor-element elementor-element-a1eb6d3 e-con-full e-flex e-con e-child\" data-id=\"a1eb6d3\" data-element_type=\"container\" data-e-type=\"container\">\n\t\t\t\t<div class=\"elementor-element elementor-element-a5b9dd8 elementor-widget elementor-widget-text-editor\" data-id=\"a5b9dd8\" data-element_type=\"widget\" data-e-type=\"widget\" data-widget_type=\"text-editor.default\">\n\t\t\t\t<div class=\"elementor-widget-container\">\n\t\t\t\t\t\t\t\t\t<p>The lectures took place from Monday morning to Friday afternoon at the Aix-Marseille University, Campus St. J\u00e9r\u00f4me, 52 avenue Escadrille Normandie-Niemen, Marseille, France.<\/p><p>Lunches, breaks and visits (including transport to Cadarache) were organised by the school. <span style=\"color: var( --e-global-color-text ); font-family: var( --e-global-typography-text-font-family ), Sans-serif; font-weight: var( --e-global-typography-text-font-weight ); text-align: var(--text-align); font-size: 1rem;\">Accommodation needed to be organised and paid by the participants.<\/span><\/p><p>Marseille is accessible by Marseille Provence Airport. Connections between the airport and downtown Marseille (30km) can be done by airport shuttles (every 15 minutes from 4.30am to 00.10am). More information can be found <a href=\"https:\/\/www.marseille-tourisme.com\/en\/travel-trade\/marseille-practical\/transports-in-marseille\/\"><strong>here<\/strong>.<\/a><\/p><p>Marseille has 2 metro and 3 tramway lines, as well as numerous bus lines, see <strong><a href=\"https:\/\/api.rtm.fr\/fiche-horaires\/rtm_plan_reseau.pdf\">network map<\/a><\/strong>.\u00a0<span style=\"color: var( --e-global-color-text ); font-family: var( --e-global-typography-text-font-family ), Sans-serif; font-weight: var( --e-global-typography-text-font-weight ); text-align: var(--text-align); font-size: 1rem;\">The <strong><a href=\"https:\/\/sciences.univ-amu.fr\/en\/sites-campuses\/marseille-site-saint-jerome\">St. J\u00e9r\u00f4me campus<\/a><\/strong> is accessible by the metro line 1 (Malpass\u00e9 stop) and by bus B3A (St J\u00e9r\u00f4me Facult\u00e9 stop).\u00a0<\/span><\/p>\t\t\t\t\t\t\t\t<\/div>\n\t\t\t\t<\/div>\n\t\t<div class=\"elementor-element elementor-element-ddb05d5 e-con-full e-flex e-con e-child\" data-id=\"ddb05d5\" data-element_type=\"container\" data-e-type=\"container\">\n\t\t\t\t<div class=\"elementor-element elementor-element-690bd42 elementor-widget elementor-widget-image\" data-id=\"690bd42\" data-element_type=\"widget\" data-e-type=\"widget\" data-widget_type=\"image.default\">\n\t\t\t\t<div class=\"elementor-widget-container\">\n\t\t\t\t\t\t\t\t\t\t\t\t\t\t\t<img fetchpriority=\"high\" decoding=\"async\" width=\"840\" height=\"281\" src=\"https:\/\/www.connect-nm.eu\/schools\/JHR_Advanced_School\/wp-content\/uploads\/2025\/02\/quartier-vieux-port-Marseille-1-1024x343.jpg\" class=\"attachment-large size-large wp-image-1277\" alt=\"\" srcset=\"https:\/\/www.connect-nm.eu\/schools\/JHR_Advanced_School\/wp-content\/uploads\/2025\/02\/quartier-vieux-port-Marseille-1-1024x343.jpg 1024w, https:\/\/www.connect-nm.eu\/schools\/JHR_Advanced_School\/wp-content\/uploads\/2025\/02\/quartier-vieux-port-Marseille-1-300x101.jpg 300w, https:\/\/www.connect-nm.eu\/schools\/JHR_Advanced_School\/wp-content\/uploads\/2025\/02\/quartier-vieux-port-Marseille-1-768x257.jpg 768w, https:\/\/www.connect-nm.eu\/schools\/JHR_Advanced_School\/wp-content\/uploads\/2025\/02\/quartier-vieux-port-Marseille-1-1536x515.jpg 1536w, https:\/\/www.connect-nm.eu\/schools\/JHR_Advanced_School\/wp-content\/uploads\/2025\/02\/quartier-vieux-port-Marseille-1-1200x402.jpg 1200w, https:\/\/www.connect-nm.eu\/schools\/JHR_Advanced_School\/wp-content\/uploads\/2025\/02\/quartier-vieux-port-Marseille-1.jpg 1991w\" sizes=\"(max-width: 709px) 85vw, (max-width: 909px) 67vw, (max-width: 1362px) 62vw, 840px\" \/>\t\t\t\t\t\t\t\t\t\t\t\t\t\t\t<\/div>\n\t\t\t\t<\/div>\n\t\t\t\t<\/div>\n\t\t\t\t<\/div>\n\t\t<div class=\"elementor-element elementor-element-97853c1 e-con-full e-flex e-con e-child\" data-id=\"97853c1\" data-element_type=\"container\" data-e-type=\"container\">\n\t\t\t\t<div class=\"elementor-element elementor-element-2eb39d7 elementor-widget elementor-widget-shortcode\" data-id=\"2eb39d7\" data-element_type=\"widget\" data-e-type=\"widget\" data-widget_type=\"shortcode.default\">\n\t\t\t\t<div class=\"elementor-widget-container\">\n\t\t\t\t\t\t\t<div class=\"elementor-shortcode\"><h2 id=\"tablepress-1-name\" class=\"tablepress-table-name tablepress-table-name-id-1\">Key Dates<\/h2>\n\n<table id=\"tablepress-1\" class=\"tablepress tablepress-id-1\" aria-labelledby=\"tablepress-1-name\">\n<tbody>\n<tr class=\"row-1\">\n\t<td class=\"column-1\">Opening of registration<\/td><td class=\"column-2\">01.06.2025<\/td>\n<\/tr>\n<tr class=\"row-2\">\n\t<td class=\"column-1\">Deadline for registration<\/td><td class=\"column-2\">08.08.2025<\/td>\n<\/tr>\n<tr class=\"row-3\">\n\t<td class=\"column-1\">Acceptance of application by organizing committee<\/td><td class=\"column-2\">31.08.2025<\/td>\n<\/tr>\n<tr class=\"row-4\">\n\t<td class=\"column-1\">School<\/td><td class=\"column-2\">13-17.10.2025<\/td>\n<\/tr>\n<\/tbody>\n<\/table>\n<!-- #tablepress-1 from cache --><\/div>\n\t\t\t\t\t\t<\/div>\n\t\t\t\t<\/div>\n\t\t\t\t<\/div>\n\t\t\t\t\t<\/div>\n\t\t\t\t<\/div>\n\t\t\t\t<\/div>\n\t\t","protected":false},"excerpt":{"rendered":"<p>Home Programme Lecturers Registration Practical Information Organizers Contact X The lectures took place from Monday morning to Friday afternoon at the Aix-Marseille University, Campus St. J\u00e9r\u00f4me, 52 avenue Escadrille Normandie-Niemen, Marseille, France. Lunches, breaks and visits (including transport to Cadarache) were organised by the school. Accommodation needed to be organised and paid by the participants. &hellip; <a href=\"https:\/\/www.connect-nm.eu\/schools\/JHR_Advanced_School\/practical-information\/\" class=\"more-link\">Continue reading<span class=\"screen-reader-text\"> &#8220;Practical Information&#8221;<\/span><\/a><\/p>\n","protected":false},"author":1,"featured_media":0,"parent":0,"menu_order":0,"comment_status":"closed","ping_status":"closed","template":"","meta":{"footnotes":""},"class_list":["post-75","page","type-page","status-publish","hentry"],"_links":{"self":[{"href":"https:\/\/www.connect-nm.eu\/schools\/JHR_Advanced_School\/wp-json\/wp\/v2\/pages\/75","targetHints":{"allow":["GET"]}}],"collection":[{"href":"https:\/\/www.connect-nm.eu\/schools\/JHR_Advanced_School\/wp-json\/wp\/v2\/pages"}],"about":[{"href":"https:\/\/www.connect-nm.eu\/schools\/JHR_Advanced_School\/wp-json\/wp\/v2\/types\/page"}],"author":[{"embeddable":true,"href":"https:\/\/www.connect-nm.eu\/schools\/JHR_Advanced_School\/wp-json\/wp\/v2\/users\/1"}],"replies":[{"embeddable":true,"href":"https:\/\/www.connect-nm.eu\/schools\/JHR_Advanced_School\/wp-json\/wp\/v2\/comments?post=75"}],"version-history":[{"count":121,"href":"https:\/\/www.connect-nm.eu\/schools\/JHR_Advanced_School\/wp-json\/wp\/v2\/pages\/75\/revisions"}],"predecessor-version":[{"id":1535,"href":"https:\/\/www.connect-nm.eu\/schools\/JHR_Advanced_School\/wp-json\/wp\/v2\/pages\/75\/revisions\/1535"}],"wp:attachment":[{"href":"https:\/\/www.connect-nm.eu\/schools\/JHR_Advanced_School\/wp-json\/wp\/v2\/media?parent=75"}],"curies":[{"name":"wp","href":"https:\/\/api.w.org\/{rel}","templated":true}]}}